{"id":488,"date":"2022-10-06T11:58:18","date_gmt":"2022-10-06T09:58:18","guid":{"rendered":"https:\/\/testweb.com.hr\/solar\/?page_id=488"},"modified":"2022-10-06T12:01:31","modified_gmt":"2022-10-06T10:01:31","slug":"uvjeti-koristenja","status":"publish","type":"page","link":"https:\/\/testweb.com.hr\/solar\/uvjeti-koristenja\/","title":{"rendered":"Uvjeti kori\u0161tenja"},"content":{"rendered":"\t\t<div data-elementor-type=\"wp-page\" data-elementor-id=\"488\" class=\"elementor elementor-488\">\n\t\t\t\t\t\t\t\t\t<section class=\"elementor-section elementor-top-section elementor-element elementor-element-e30ae30 cspt-col-stretched-none cspt-bg-color-over-image elementor-section-boxed elementor-section-height-default elementor-section-height-default wpr-particle-no wpr-jarallax-no wpr-parallax-no wpr-sticky-section-no\" data-id=\"e30ae30\" data-element_type=\"section\">\n\t\t\t\t\t\t<div class=\"elementor-container elementor-column-gap-default\">\n\t\t\t\t\t<div class=\"elementor-column elementor-col-100 elementor-top-column elementor-element elementor-element-5c348c9 cspt-bg-color-over-image\" data-id=\"5c348c9\" data-element_type=\"column\">\n\t\t\t<div class=\"elementor-widget-wrap elementor-element-populated\">\n\t\t\t\t\t\t\t\t<div class=\"elementor-element elementor-element-fcbf8a6 elementor-widget elementor-widget-text-editor\" data-id=\"fcbf8a6\" data-element_type=\"widget\" data-widget_type=\"text-editor.default\">\n\t\t\t\t<div class=\"elementor-widget-container\">\n\t\t\t<style>\/*! elementor - v3.7.8 - 02-10-2022 *\/\n.elementor-widget-text-editor.elementor-drop-cap-view-stacked .elementor-drop-cap{background-color:#818a91;color:#fff}.elementor-widget-text-editor.elementor-drop-cap-view-framed .elementor-drop-cap{color:#818a91;border:3px solid;background-color:transparent}.elementor-widget-text-editor:not(.elementor-drop-cap-view-default) .elementor-drop-cap{margin-top:8px}.elementor-widget-text-editor:not(.elementor-drop-cap-view-default) .elementor-drop-cap-letter{width:1em;height:1em}.elementor-widget-text-editor .elementor-drop-cap{float:left;text-align:center;line-height:1;font-size:50px}.elementor-widget-text-editor .elementor-drop-cap-letter{display:inline-block}<\/style>\t\t\t\t<h1>Op\u0107i uvjeti kori\u0161tenja<\/h1><p>Web mjesto i ostale usluge web trgovine Solar Energy mogu se slu\u017eiti osobnim putem bez ikakvog povrata prema slijede\u0107im op\u0107im uvjetima i odredbama.<\/p><p>Sljede\u0107i op\u0107i uvjeti moraju se po\u0161tivati ako koristite na\u0161u web trgovinu. Ako se ne sla\u017eete s na\u0161im op\u0107im uvjetima i odredbama, nemojte koristiti web mjesto Solar Energy.<\/p><p>Op\u0107i uvjeti podlo\u017eni su promjenama u bilo kojem trenutku, stoga biste trebali posjetiti ove uvjete svaki put kad \u017eelite posjetiti web mjesto Solar Energy. U slu\u010daju stalnog posje\u0107ivanja web stranica Solar Energy web shopa nakon \u0161to se promijene op\u0107i uvjeti, smatrat \u0107e se da ste bili u skladu s novim Op\u0107im uvjetima i odredbama web trgovine. Za mogu\u0107e posljedice uzrokovane promjenama web sadr\u017eaja Solar Energy ne\u0107e preuzeti nikakvu odgovornost.<\/p><h2>Prava intelektualnog vlasni\u0161tva<\/h2><p>Ako nije druga\u010dije navedeno, stranica je na\u0161e vlasni\u0161tvo i sav izvorni kod, baze podataka, funkcionalnost, softver, audio, video, tekst, fotografije i grafike na web mjestu (u cjelini, &#8220;Sadr\u017eaj&#8221;) i za\u0161titni znaci, usluga oznake i logotipi sadr\u017eani u njima su u na\u0161em vlasni\u0161tvu ili su licencirani i za\u0161ti\u0107eni zakonima o autorskim pravima.<\/p><p>Pod uvjetom da ispunjavate uvjete za upotrebu web trgovine, imate ograni\u010denu licencu za pristup i kori\u0161tenje web mjesta te za preuzimanje ili ispis kopije bilo kojeg dijela sadr\u017eaja kojem ste pravilno dobili pristup isklju\u010divo za svoj osobno, nekomercijalno kori\u0161tenje. Pridr\u017eavamo sva prava koja nisu izri\u010dito dodijeljena Vama na web mjestu, sadr\u017eaju i oznakama.<\/p><p>\u00a0<\/p><h2>Proizvodi<\/h2><p>Trudimo se prikazati \u0161to to\u010dnije boje, zna\u010dajke, specifikacije i detalje proizvoda dostupnih na web mjestu. Me\u0111utim, ne jam\u010dimo da \u0107e boje, zna\u010dajke, specifikacije i detalji proizvoda biti to\u010dni, cjeloviti, pouzdani, trenutni ili bez drugih pogre\u0161aka, a va\u0161 elektroni\u010dki prikaz mo\u017eda ne\u0107e to\u010dno odra\u017eavati stvarne boje i detalje proizvoda.<\/p><p>Svi proizvodi ovise o dostupnosti i ne mo\u017eemo jam\u010diti da \u0107e se proizvodi nalaziti na zalihama. Pridr\u017eavamo pravo na prekid ponude bilo kojeg proizvoda u bilo kojem trenutku iz bilo kojeg razloga.<\/p><p>Cijene za sve proizvode podlo\u017ene su promjenama.<\/p><p>\u00a0<\/p><h2>Kupnja i pla\u0107anje<\/h2><p>Prihva\u0107amo sljede\u0107e oblike pla\u0107anja: PayPal, pla\u0107anje pouze\u0107em, direktna bankovna transakcija. Sla\u017eete se da \u0107ete pru\u017eiti trenutne, cjelovite i to\u010dne podatke o kupnji i ra\u010dunu za sve kupnje putem web trgovine. Nadalje se sla\u017eete sa hitnim a\u017euriranjem podataka o ra\u010dunu i pla\u0107anju, uklju\u010duju\u0107i adresu e-po\u0161te i na\u010din pla\u0107anja kako bismo mogli dovr\u0161iti va\u0161e transakcije i kontaktirati Vas prema potrebi. Porez na promet \u0107e se dodati u cijenu kupnje prema nama. Mo\u017eemo u bilo kojem trenutku promijeniti cijene. Sva pla\u0107anja bit \u0107e u hrvatskim kunama.<\/p><p>Sla\u017eete se da \u0107ete platiti sve tro\u0161kove po cijenama koje su tada na snazi za va\u0161e kupnje i bilo koje primjenjive naknade za dostavu, a ovla\u0161tavate nas da napla\u0107ujemo va\u0161em odabranom davatelju pla\u0107anja bilo koje takve iznose prilikom narud\u017ebe.<\/p><p>Pridr\u017eavamo pravo ispravljanja bilo kakve pogre\u0161ke ili pogre\u0161ke u cijenama, \u010dak i ako smo ve\u0107 zatra\u017eili ili primili pla\u0107anje.<\/p><p>Pridr\u017eavamo pravo odbiti bilo koju narud\u017ebu poslanu putem web trgovine. Mi mo\u017eemo, prema vlastitom naho\u0111enju, ograni\u010diti ili otkazati koli\u010dine kupljene po osobi, po ku\u0107anstvu ili po narud\u017ebi. Ograni\u010denja mogu uklju\u010divati narud\u017ebe na ili pod istim korisni\u010dkim ra\u010dunom, isti na\u010din pla\u0107anja i \/ ili narud\u017ebe koje koriste istu adresu za naplatu ili dostavu. Pridr\u017eavamo si pravo ograni\u010diti ili zabraniti narud\u017ebe za koje, prema na\u0161oj vlastitoj prosudbi, izgleda da ih postavljaju trgovci, preprodava\u010di ili distributeri.<\/p>\t\t\t\t\t\t<\/div>\n\t\t\t\t<\/div>\n\t\t\t\t\t<\/div>\n\t\t<\/div>\n\t\t\t\t\t\t\t<\/div>\n\t\t<\/section>\n\t\t\t\t\t\t\t<\/div>\n\t\t","protected":false},"excerpt":{"rendered":"<p>Op\u0107i uvjeti kori\u0161tenja Web mjesto i ostale usluge web trgovine Solar Energy mogu se slu\u017eiti osobnim putem bez ikakvog povrata prema slijede\u0107im op\u0107im uvjetima i odredbama. Sljede\u0107i op\u0107i uvjeti moraju se po\u0161tivati ako koristite na\u0161u web trgovinu. Ako se ne sla\u017eete s na\u0161im op\u0107im uvjetima i odredbama, nemojte koristiti web mjesto Solar Energy. Op\u0107i uvjeti podlo\u017eni su promjenama u bilo kojem trenutku, stoga biste trebali posjetiti ove uvjete svaki put[&hellip;]<\/p>\n","protected":false},"author":1,"featured_media":0,"parent":0,"menu_order":0,"comment_status":"closed","ping_status":"closed","template":"","meta":{"footnotes":""},"class_list":["post-488","page","type-page","status-publish","hentry"],"_links":{"self":[{"href":"https:\/\/testweb.com.hr\/solar\/wp-json\/wp\/v2\/pages\/488","targetHints":{"allow":["GET"]}}],"collection":[{"href":"https:\/\/testweb.com.hr\/solar\/wp-json\/wp\/v2\/pages"}],"about":[{"href":"https:\/\/testweb.com.hr\/solar\/wp-json\/wp\/v2\/types\/page"}],"author":[{"embeddable":true,"href":"https:\/\/testweb.com.hr\/solar\/wp-json\/wp\/v2\/users\/1"}],"replies":[{"embeddable":true,"href":"https:\/\/testweb.com.hr\/solar\/wp-json\/wp\/v2\/comments?post=488"}],"version-history":[{"count":7,"href":"https:\/\/testweb.com.hr\/solar\/wp-json\/wp\/v2\/pages\/488\/revisions"}],"predecessor-version":[{"id":495,"href":"https:\/\/testweb.com.hr\/solar\/wp-json\/wp\/v2\/pages\/488\/revisions\/495"}],"wp:attachment":[{"href":"https:\/\/testweb.com.hr\/solar\/wp-json\/wp\/v2\/media?parent=488"}],"curies":[{"name":"wp","href":"https:\/\/api.w.org\/{rel}","templated":true}]}}