{"id":1384,"date":"2018-07-27T06:49:08","date_gmt":"2018-07-27T06:49:08","guid":{"rendered":"https:\/\/demo.ovatheme.com\/ireca\/?page_id=1384"},"modified":"2026-03-11T20:33:23","modified_gmt":"2026-03-11T19:33:23","slug":"about","status":"publish","type":"page","link":"https:\/\/testweb.com.hr\/rentacar\/about\/","title":{"rendered":"O nama"},"content":{"rendered":"\t\t<div data-elementor-type=\"wp-post\" data-elementor-id=\"1384\" class=\"elementor elementor-1384\">\n\t\t\t\t\t\t\t\t\t<section class=\"elementor-section elementor-top-section elementor-element elementor-element-2bc0e4d elementor-section-stretched elementor-section-full_width elementor-section-height-default elementor-section-height-default\" data-id=\"2bc0e4d\" data-element_type=\"section\" data-settings=\"{&quot;stretch_section&quot;:&quot;section-stretched&quot;}\">\n\t\t\t\t\t\t<div class=\"elementor-container elementor-column-gap-default\">\n\t\t\t\t\t<div class=\"elementor-column elementor-col-50 elementor-top-column elementor-element elementor-element-b15297c\" data-id=\"b15297c\" data-element_type=\"column\" data-settings=\"{&quot;background_background&quot;:&quot;classic&quot;}\">\n\t\t\t<div class=\"elementor-widget-wrap elementor-element-populated\">\n\t\t\t\t\t\t\t\t<div class=\"elementor-element elementor-element-50971cb elementor-widget elementor-widget-ovacrs_about_info\" data-id=\"50971cb\" data-element_type=\"widget\" data-widget_type=\"ovacrs_about_info.default\">\n\t\t\t\t<div class=\"elementor-widget-container\">\n\t\t\t<div class=\"ovacrs_about_info  text-right \"><div class=\"title\">Iznajmljena vozila<\/div><div class=\"number\">1,109<\/div><\/div>\t\t<\/div>\n\t\t\t\t<\/div>\n\t\t\t\t\t<\/div>\n\t\t<\/div>\n\t\t\t\t<div class=\"elementor-column elementor-col-50 elementor-top-column elementor-element elementor-element-6dfcabd\" data-id=\"6dfcabd\" data-element_type=\"column\" data-settings=\"{&quot;background_background&quot;:&quot;classic&quot;}\">\n\t\t\t<div class=\"elementor-widget-wrap elementor-element-populated\">\n\t\t\t\t\t\t\t\t<div class=\"elementor-element elementor-element-dd0d2f1 elementor-widget elementor-widget-ovacrs_about_info\" data-id=\"dd0d2f1\" data-element_type=\"widget\" data-widget_type=\"ovacrs_about_info.default\">\n\t\t\t\t<div class=\"elementor-widget-container\">\n\t\t\t<div class=\"ovacrs_about_info  text-left \"><div class=\"title\">Zadovoljnih klijenata<\/div><div class=\"number\">2,010<\/div><\/div>\t\t<\/div>\n\t\t\t\t<\/div>\n\t\t\t\t\t<\/div>\n\t\t<\/div>\n\t\t\t\t\t\t\t<\/div>\n\t\t<\/section>\n\t\t\t\t<section class=\"elementor-section elementor-top-section elementor-element elementor-element-d0b2af2 elementor-section-boxed elementor-section-height-default elementor-section-height-default\" data-id=\"d0b2af2\" data-element_type=\"section\">\n\t\t\t\t\t\t<div class=\"elementor-container elementor-column-gap-default\">\n\t\t\t\t\t<div class=\"elementor-column elementor-col-100 elementor-top-column elementor-element elementor-element-920058b\" data-id=\"920058b\" data-element_type=\"column\">\n\t\t\t<div class=\"elementor-widget-wrap elementor-element-populated\">\n\t\t\t\t\t\t\t\t<div class=\"elementor-element elementor-element-f914db8 elementor-widget elementor-widget-text-editor\" data-id=\"f914db8\" data-element_type=\"widget\" data-widget_type=\"text-editor.default\">\n\t\t\t\t<div class=\"elementor-widget-container\">\n\t\t\t<style>\/*! elementor - v3.9.2 - 21-12-2022 *\/\n.elementor-widget-text-editor.elementor-drop-cap-view-stacked .elementor-drop-cap{background-color:#818a91;color:#fff}.elementor-widget-text-editor.elementor-drop-cap-view-framed .elementor-drop-cap{color:#818a91;border:3px solid;background-color:transparent}.elementor-widget-text-editor:not(.elementor-drop-cap-view-default) .elementor-drop-cap{margin-top:8px}.elementor-widget-text-editor:not(.elementor-drop-cap-view-default) .elementor-drop-cap-letter{width:1em;height:1em}.elementor-widget-text-editor .elementor-drop-cap{float:left;text-align:center;line-height:1;font-size:50px}.elementor-widget-text-editor .elementor-drop-cap-letter{display:inline-block}<\/style>\t\t\t\t<h1 class=\"title\">Dugoro\u010dni i kratkoro\u010dni najam vozila<\/h1><p>\u0160iroka ponuda vozila iz flote: gradski, kompakt, SUV, limuzina<\/p><p>Mauris metus eros, finibus et eros eget, vehicula tincidunt ex. Integer dictum turpis felis, at gravida lectus vestibulum et. Mauris vitae massa pellentesque, rutrum lacus sit amet, dictum massa.<\/p>\t\t\t\t\t\t<\/div>\n\t\t\t\t<\/div>\n\t\t\t\t\t<\/div>\n\t\t<\/div>\n\t\t\t\t\t\t\t<\/div>\n\t\t<\/section>\n\t\t\t\t<section class=\"elementor-section elementor-top-section elementor-element elementor-element-85119c2 elementor-section-boxed elementor-section-height-default elementor-section-height-default\" data-id=\"85119c2\" data-element_type=\"section\">\n\t\t\t\t\t\t<div class=\"elementor-container elementor-column-gap-default\">\n\t\t\t\t\t<div class=\"elementor-column elementor-col-100 elementor-top-column elementor-element elementor-element-d078e10\" data-id=\"d078e10\" data-element_type=\"column\">\n\t\t\t<div class=\"elementor-widget-wrap\">\n\t\t\t\t\t\t\t\t\t<\/div>\n\t\t<\/div>\n\t\t\t\t\t\t\t<\/div>\n\t\t<\/section>\n\t\t\t\t\t\t\t<\/div>\n\t\t","protected":false},"excerpt":{"rendered":"<p>Iznajmljena vozila1,109 Zadovoljnih klijenata2,010 Dugoro\u010dni i kratkoro\u010dni najam vozila \u0160iroka ponuda vozila iz flote: gradski, kompakt, SUV, limuzina Mauris metus eros, finibus et eros eget, vehicula tincidunt ex. Integer dictum turpis felis, at gravida lectus vestibulum et. Mauris vitae massa pellentesque, rutrum lacus sit amet, dictum massa.<\/p>\n","protected":false},"author":1,"featured_media":0,"parent":0,"menu_order":0,"comment_status":"closed","ping_status":"closed","template":"templates\/home.php","meta":{"footnotes":""},"class_list":["post-1384","page","type-page","status-publish","hentry"],"_links":{"self":[{"href":"https:\/\/testweb.com.hr\/rentacar\/wp-json\/wp\/v2\/pages\/1384","targetHints":{"allow":["GET"]}}],"collection":[{"href":"https:\/\/testweb.com.hr\/rentacar\/wp-json\/wp\/v2\/pages"}],"about":[{"href":"https:\/\/testweb.com.hr\/rentacar\/wp-json\/wp\/v2\/types\/page"}],"author":[{"embeddable":true,"href":"https:\/\/testweb.com.hr\/rentacar\/wp-json\/wp\/v2\/users\/1"}],"replies":[{"embeddable":true,"href":"https:\/\/testweb.com.hr\/rentacar\/wp-json\/wp\/v2\/comments?post=1384"}],"version-history":[{"count":27,"href":"https:\/\/testweb.com.hr\/rentacar\/wp-json\/wp\/v2\/pages\/1384\/revisions"}],"predecessor-version":[{"id":3738,"href":"https:\/\/testweb.com.hr\/rentacar\/wp-json\/wp\/v2\/pages\/1384\/revisions\/3738"}],"wp:attachment":[{"href":"https:\/\/testweb.com.hr\/rentacar\/wp-json\/wp\/v2\/media?parent=1384"}],"curies":[{"name":"wp","href":"https:\/\/api.w.org\/{rel}","templated":true}]}}